{"id":3,"date":"2021-09-11T17:35:37","date_gmt":"2021-09-11T15:35:37","guid":{"rendered":"http:\/\/alu-expertise.com\/?page_id=3"},"modified":"2021-10-23T12:11:30","modified_gmt":"2021-10-23T10:11:30","slug":"privacy-policy","status":"publish","type":"page","link":"https:\/\/alu-expertise.com\/de\/privacy-policy\/","title":{"rendered":"Datenschutzerkl\u00e4rung"},"content":{"rendered":"<h1>Datenschutzerkl\u00e4rung<\/h1>\n<h2>1. Datenschutz auf einen Blick<\/h2>\n<h3>Allgemeine Hinweise<\/h3> <p>The following information will provide you with an easy to navigate overview of what will happen with your personal data when you visit this website. The term \u201cpersonal data\u201d comprises all data that can be used to personally identify you. For detailed information about the subject matter of data protection, please consult our Data Protection Declaration, which we have included beneath this copy.<\/p>\n<h3>Datenerfassung auf dieser Website<\/h3> <h4>Who is the responsible party for the recording of data on this website (i.e., the \u201ccontroller\u201d)?<\/h4> <p>The data on this website is processed by the operator of the website, whose contact information is available under section \u201cInformation about the responsible party (referred to as the \u201ccontroller\u201d in the GDPR)\u201d in this Privacy Policy.<\/p> <h4>Wie erfassen wir Ihre Daten?<\/h4> <p>Ihre Daten werden zum einen dadurch erhoben, dass Sie uns diese mitteilen. Hierbei kann es sich z. B. um\nDaten handeln, die Sie in ein Kontaktformular eingeben.<\/p> <p>Andere Daten werden automatisch oder nach Ihrer Einwilligung beim Besuch der Website durch unsere ITSysteme\nerfasst. Das sind vor allem technische Daten (z. B. Internetbrowser, Betriebssystem oder Uhrzeit\ndes Seitenaufrufs). Die Erfassung dieser Daten erfolgt automatisch, sobald Sie diese Website betreten.<\/p> <h4>Wof\u00fcr nutzen wir Ihre Daten?<\/h4> <p>Ein Teil der Daten wird erhoben, um eine fehlerfreie Bereitstellung der Website zu gew\u00e4hrleisten. Andere\nDaten k\u00f6nnen zur Analyse Ihres Nutzerverhaltens verwendet werden.<\/p> <h4>Welche Rechte haben Sie bez\u00fcglich Ihrer Daten?<\/h4> <p>Sie haben jederzeit das Recht, unentgeltlich Auskunft \u00fcber Herkunft, Empf\u00e4nger und Zweck Ihrer\ngespeicherten personenbezogenen Daten zu erhalten. Sie haben au\u00dferdem ein Recht, die Berichtigung oder\nL\u00f6schung dieser Daten zu verlangen. Wenn Sie eine Einwilligung zur Datenverarbeitung erteilt haben,\nk\u00f6nnen Sie diese Einwilligung jederzeit f\u00fcr die Zukunft widerrufen. Au\u00dferdem haben Sie das Recht, unter\nbestimmten Umst\u00e4nden die Einschr\u00e4nkung der Verarbeitung Ihrer personenbezogenen Daten zu verlangen.\nDes Weiteren steht Ihnen ein Beschwerderecht bei der zust\u00e4ndigen Aufsichtsbeh\u00f6rde zu.<\/p> <p>Hierzu sowie zu weiteren Fragen zum Thema Datenschutz k\u00f6nnen Sie sich jederzeit an uns wenden.<\/p>\n<h2>2. Hosting<\/h2>\n<h3>Hosting mit All-Inkl<\/h3> <p>We host our website with All-Inkl. The Provider is the ALL-INKL.COM \u2013 Neue Medien M\u00fcnnich, owner: Ren\u00e9 M\u00fcnnich, Hauptstra\u00dfe 68, 02742 Friedersdorf, Germany (hereinafter \u201cAll-Inkl\u201d). For details, please visit the privacy policy of All-Inkl: <a href=\"https:\/\/all-inkl.com\/datenschutzinformationen\/\" target=\"_blank\" rel=\"noopener noreferrer\">https:\/\/all-inkl.com\/datenschutzinformationen\/<\/a>.<\/p> <p>Die Verwendung von All-Inkl erfolgt auf Grundlage von Art. 6 Abs. 1 lit. f DSGVO. Wir haben ein\nberechtigtes Interesse an einer m\u00f6glichst zuverl\u00e4ssigen Darstellung unserer Website. Sofern eine\nentsprechende Einwilligung abgefragt wurde, erfolgt die Verarbeitung ausschlie\u00dflich auf Grundlage von Art.\n6 Abs. 1 lit. a DSGVO; die Einwilligung ist jederzeit widerrufbar.<\/p>\n<h4>Auftragsverarbeitung<\/h4> <p>Wir haben einen Vertrag \u00fcber Auftragsverarbeitung (AVV) mit dem oben genannten Anbieter geschlossen.\nHierbei handelt es sich um einen datenschutzrechtlich vorgeschriebenen Vertrag, der gew\u00e4hrleistet, dass\ndieser die personenbezogenen Daten unserer Websitebesucher nur nach unseren Weisungen und unter\nEinhaltung der DSGVO verarbeitet.<\/p>\n<h2>3. Allgemeine Hinweise und Pflichtinformationen<\/h2>\n<h3>Datenschutz<\/h3> <p>Die Betreiber dieser Seiten nehmen den Schutz Ihrer pers\u00f6nlichen Daten sehr ernst. Wir behandeln Ihre\npersonenbezogenen Daten vertraulich und entsprechend den gesetzlichen Datenschutzvorschriften sowie\ndieser Datenschutzerkl\u00e4rung.<\/p> <p>Wenn Sie diese Website benutzen, werden verschiedene personenbezogene Daten erhoben.\nPersonenbezogene Daten sind Daten, mit denen Sie pers\u00f6nlich identifiziert werden k\u00f6nnen. Die vorliegende\nDatenschutzerkl\u00e4rung erl\u00e4utert, welche Daten wir erheben und wof\u00fcr wir sie nutzen. Sie erl\u00e4utert auch, wie\nund zu welchem Zweck das geschieht.<\/p> <p>Wir weisen darauf hin, dass die Daten\u00fcbertragung im Internet (z. B. bei der Kommunikation per E-Mail)\nSicherheitsl\u00fccken aufweisen kann. Ein l\u00fcckenloser Schutz der Daten vor dem Zugriff durch Dritte ist nicht\nm\u00f6glich.<\/p>\n<h3>Information about the responsible party (referred to as the \u201ccontroller\u201d in the GDPR)<\/h3> <p>Die verantwortliche Stelle f\u00fcr die Datenverarbeitung auf dieser Website ist:<\/p> <p>Thorsten Bahnsen<br>\nJacob-Behrmann-Weg 36<br>\n25499, Tangstedt<\/p>\n\n<p class=\" translation-block\">Telefon: +49 178 2943657<br>\nE-mail: thorsten@alu-expertise.com<\/p>\n <p>Verantwortliche Stelle ist die nat\u00fcrliche oder juristische Person, die allein oder gemeinsam mit anderen \u00fcber\ndie Zwecke und Mittel der Verarbeitung von personenbezogenen Daten (z. B. Namen, E-Mail-Adressen o. \u00c4.)\nentscheidet.<\/p>\n\n<h3>Speicherdauer<\/h3> <p>Soweit innerhalb dieser Datenschutzerkl\u00e4rung keine speziellere Speicherdauer genannt wurde, verbleiben\nIhre personenbezogenen Daten bei uns, bis der Zweck f\u00fcr die Datenverarbeitung entf\u00e4llt. Wenn Sie ein\nberechtigtes L\u00f6schersuchen geltend machen oder eine Einwilligung zur Datenverarbeitung widerrufen,\nwerden Ihre Daten gel\u00f6scht, sofern wir keine anderen rechtlich zul\u00e4ssigen Gr\u00fcnde f\u00fcr die Speicherung Ihrer\npersonenbezogenen Daten haben (z. B. steuer- oder handelsrechtliche Aufbewahrungsfristen); im\nletztgenannten Fall erfolgt die L\u00f6schung nach Fortfall dieser Gr\u00fcnde.<\/p>\n<h3>Widerruf Ihrer Einwilligung zur Datenverarbeitung<\/h3> <p>Viele Datenverarbeitungsvorg\u00e4nge sind nur mit Ihrer ausdr\u00fccklichen Einwilligung m\u00f6glich. Sie k\u00f6nnen eine\nbereits erteilte Einwilligung jederzeit widerrufen. Die Rechtm\u00e4\u00dfigkeit der bis zum Widerruf erfolgten\nDatenverarbeitung bleibt vom Widerruf unber\u00fchrt.<\/p>\n<h3>Widerspruchsrecht gegen die Datenerhebung in besonderen F\u00e4llen sowie gegen\nDirektwerbung (Art. 21 DSGVO)<\/h3> <p>WENN DIE DATENVERARBEITUNG AUF GRUNDLAGE VON ART. 6 ABS. 1 LIT. E ODER F DSGVO\nERFOLGT, HABEN SIE JEDERZEIT DAS RECHT, AUS GR\u00dcNDEN, DIE SICH AUS IHRER BESONDEREN\nSITUATION ERGEBEN, GEGEN DIE VERARBEITUNG IHRER PERSONENBEZOGENEN DATEN\nWIDERSPRUCH EINZULEGEN; DIES GILT AUCH F\u00dcR EIN AUF DIESE BESTIMMUNGEN GEST\u00dcTZTES\nPROFILING. DIE JEWEILIGE RECHTSGRUNDLAGE, AUF DENEN EINE VERARBEITUNG BERUHT,\nENTNEHMEN SIE DIESER DATENSCHUTZERKL\u00c4RUNG. WENN SIE WIDERSPRUCH EINLEGEN,\nWERDEN WIR IHRE BETROFFENEN PERSONENBEZOGENEN DATEN NICHT MEHR VERARBEITEN, ES\nSEI DENN, WIR K\u00d6NNEN ZWINGENDE SCHUTZW\u00dcRDIGE GR\u00dcNDE F\u00dcR DIE VERARBEITUNG\nNACHWEISEN, DIE IHRE INTERESSEN, RECHTE UND FREIHEITEN \u00dcBERWIEGEN ODER DIE\nVERARBEITUNG DIENT DER GELTENDMACHUNG, AUS\u00dcBUNG ODER VERTEIDIGUNG VON\nRECHTSANSPR\u00dcCHEN (WIDERSPRUCH NACH ART. 21 ABS. 1 DSGVO).<\/p> <p>WERDEN IHRE PERSONENBEZOGENEN DATEN VERARBEITET, UM DIREKTWERBUNG ZU BETREIBEN,\nSO HABEN SIE DAS RECHT, JEDERZEIT WIDERSPRUCH GEGEN DIE VERARBEITUNG SIE\nBETREFFENDER PERSONENBEZOGENER DATEN ZUM ZWECKE DERARTIGER WERBUNG\nEINZULEGEN; DIES GILT AUCH F\u00dcR DAS PROFILING, SOWEIT ES MIT SOLCHER DIREKTWERBUNG IN\nVERBINDUNG STEHT. WENN SIE WIDERSPRECHEN, WERDEN IHRE PERSONENBEZOGENEN DATEN\nANSCHLIESSEND NICHT MEHR ZUM ZWECKE DER DIREKTWERBUNG VERWENDET (WIDERSPRUCH\nNACH ART. 21 ABS. 2 DSGVO).<\/p>\n<h3>Beschwerderecht bei der zust\u00e4ndigen Aufsichtsbeh\u00f6rde<\/h3> <p>Im Falle von Verst\u00f6\u00dfen gegen die DSGVO steht den Betroffenen ein Beschwerderecht bei einer\nAufsichtsbeh\u00f6rde, insbesondere in dem Mitgliedstaat ihres gew\u00f6hnlichen Aufenthalts, ihres Arbeitsplatzes\noder des Orts des mutma\u00dflichen Versto\u00dfes zu. Das Beschwerderecht besteht unbeschadet anderweitiger\nverwaltungsrechtlicher oder gerichtlicher Rechtsbehelfe.<\/p>\n<h3>Recht auf Daten\u00fcbertragbarkeit<\/h3> <p>Sie haben das Recht, Daten, die wir auf Grundlage Ihrer Einwilligung oder in Erf\u00fcllung eines Vertrags\nautomatisiert verarbeiten, an sich oder an einen Dritten in einem g\u00e4ngigen, maschinenlesbaren Format\naush\u00e4ndigen zu lassen. Sofern Sie die direkte \u00dcbertragung der Daten an einen anderen Verantwortlichen\nverlangen, erfolgt dies nur, soweit es technisch machbar ist.<\/p>\n<h3>SSL- bzw. TLS-Verschl\u00fcsselung<\/h3> <p>For security reasons and to protect the transmission of confidential content, such as purchase orders or inquiries you submit to us as the website operator, this website uses either an SSL or a TLS encryption program. You can recognize an encrypted connection by checking whether the address line of the browser switches from \u201chttp:\/\/\u201d to \u201chttps:\/\/\u201d and also by the appearance of the lock icon in the browser line.<\/p> <p>Wenn die SSL- bzw. TLS-Verschl\u00fcsselung aktiviert ist, k\u00f6nnen die Daten, die Sie an uns \u00fcbermitteln, nicht\nvon Dritten mitgelesen werden.<\/p>\n<h3>Auskunft, L\u00f6schung und Berichtigung<\/h3> <p>Sie haben im Rahmen der geltenden gesetzlichen Bestimmungen jederzeit das Recht auf unentgeltliche\nAuskunft \u00fcber Ihre gespeicherten personenbezogenen Daten, deren Herkunft und Empf\u00e4nger und den\nZweck der Datenverarbeitung und ggf. ein Recht auf Berichtigung oder L\u00f6schung dieser Daten. Hierzu sowie\nzu weiteren Fragen zum Thema personenbezogene Daten k\u00f6nnen Sie sich jederzeit an uns wenden.<\/p>\n<h3>Recht auf Einschr\u00e4nkung der Verarbeitung<\/h3> <p>Sie haben das Recht, die Einschr\u00e4nkung der Verarbeitung Ihrer personenbezogenen Daten zu verlangen.\nHierzu k\u00f6nnen Sie sich jederzeit an uns wenden. Das Recht auf Einschr\u00e4nkung der Verarbeitung besteht in\nfolgenden F\u00e4llen:<\/p> <ul> <li>Wenn Sie die Richtigkeit Ihrer bei uns gespeicherten personenbezogenen Daten bestreiten, ben\u00f6tigen wir\nin der Regel Zeit, um dies zu \u00fcberpr\u00fcfen. F\u00fcr die Dauer der Pr\u00fcfung haben Sie das Recht, die\nEinschr\u00e4nkung der Verarbeitung Ihrer personenbezogenen Daten zu verlangen.<\/li> <li>Wenn die Verarbeitung Ihrer personenbezogenen Daten unrechtm\u00e4\u00dfig geschah\/geschieht, k\u00f6nnen Sie\nstatt der L\u00f6schung die Einschr\u00e4nkung der Datenverarbeitung verlangen.<\/li> <li>Wenn wir Ihre personenbezogenen Daten nicht mehr ben\u00f6tigen, Sie sie jedoch zur Aus\u00fcbung,\nVerteidigung oder Geltendmachung von Rechtsanspr\u00fcchen ben\u00f6tigen, haben Sie das Recht, statt der\nL\u00f6schung die Einschr\u00e4nkung der Verarbeitung Ihrer personenbezogenen Daten zu verlangen.<\/li> <li>Wenn Sie einen Widerspruch nach Art. 21 Abs. 1 DSGVO eingelegt haben, muss eine Abw\u00e4gung zwischen\nIhren und unseren Interessen vorgenommen werden. Solange noch nicht feststeht, wessen Interessen\n\u00fcberwiegen, haben Sie das Recht, die Einschr\u00e4nkung der Verarbeitung Ihrer personenbezogenen Daten\nzu verlangen.<\/li> <\/ul> <p>If you have restricted the processing of your personal data, these data \u2013 with the exception of their archiving \u2013 may be processed only subject to your consent or to claim, exercise or defend legal entitlements or to protect the rights of other natural persons or legal entities or for important public interest reasons cited by the European Union or a member state of the EU.<\/p>\n<h2>4. Datenerfassung auf dieser Website<\/h2>\n<h3>Server-Log-Dateien<\/h3> <p>Der Provider der Seiten erhebt und speichert automatisch Informationen in so genannten Server-Log-\nDateien, die Ihr Browser automatisch an uns \u00fcbermittelt. Dies sind:<\/p> <ul> <li>Browsertyp und Browserversion<\/li> <li>verwendetes Betriebssystem<\/li> <li>Referrer URL<\/li> <li>Hostname des zugreifenden Rechners<\/li> <li>Uhrzeit der Serveranfrage<\/li> <li>IP-Adresse<\/li> <\/ul> <p>Eine Zusammenf\u00fchrung dieser Daten mit anderen Datenquellen wird nicht vorgenommen.<\/p> <p>This data is recorded on the basis of Art. 6(1)(f) GDPR. The operator of the website has a legitimate interest in the technically error free depiction and the optimization of the operator\u2019s website. In order to achieve this, server log files must be recorded.<\/p>\n<h3>Anfrage per E-Mail, Telefon oder Telefax<\/h3> <p>Wenn Sie uns per E-Mail, Telefon oder Telefax kontaktieren, wird Ihre Anfrage inklusive aller daraus\nhervorgehenden personenbezogenen Daten (Name, Anfrage) zum Zwecke der Bearbeitung Ihres Anliegens\nbei uns gespeichert und verarbeitet. Diese Daten geben wir nicht ohne Ihre Einwilligung weiter.<\/p> <p>Die Verarbeitung dieser Daten erfolgt auf Grundlage von Art. 6 Abs. 1 lit. b DSGVO, sofern Ihre Anfrage mit\nder Erf\u00fcllung eines Vertrags zusammenh\u00e4ngt oder zur Durchf\u00fchrung vorvertraglicher Ma\u00dfnahmen\nerforderlich ist. In allen \u00fcbrigen F\u00e4llen beruht die Verarbeitung auf unserem berechtigten Interesse an der\neffektiven Bearbeitung der an uns gerichteten Anfragen (Art. 6 Abs. 1 lit. f DSGVO) oder auf Ihrer\nEinwilligung (Art. 6 Abs. 1 lit. a DSGVO) sofern diese abgefragt wurde.<\/p> <p>Die von Ihnen an uns per Kontaktanfragen \u00fcbersandten Daten verbleiben bei uns, bis Sie uns zur L\u00f6schung\nauffordern, Ihre Einwilligung zur Speicherung widerrufen oder der Zweck f\u00fcr die Datenspeicherung entf\u00e4llt\n(z. B. nach abgeschlossener Bearbeitung Ihres Anliegens). Zwingende gesetzliche Bestimmungen \u2013\ninsbesondere gesetzliche Aufbewahrungsfristen \u2013 bleiben unber\u00fchrt.<\/p>\n<h2>5. Plugins und Tools<\/h2>\n<h3>Google Web Fonts (lokales Hosting)<\/h3> <p>This website uses so-called Web Fonts provided by Google to ensure the uniform use of fonts on this site. These Google fonts are locally installed so that a connection to Google\u2019s servers will not be established in conjunction with this application.<\/p> <p>Weitere Informationen zu Google Web Fonts finden Sie unter <a href=\"https:\/\/developers.google.com\/fonts\/faq\" target=\"_blank\" rel=\"noopener noreferrer\">https:\/\/developers.google.com\/fonts\/faq<\/a> and consult Google\u2019s Data Privacy Declaration under: <a href=\"https:\/\/policies.google.com\/privacy?hl=en\" target=\"_blank\" rel=\"noopener noreferrer\">https:\/\/policies.google.com\/privacy?hl=en<\/a>.<\/p>","protected":false},"excerpt":{"rendered":"<p>Privacy Policy 1. An overview of data protection General information The following information will provide you with an easy to navigate overview of what will happen with your personal data&#8230;<\/p>","protected":false},"author":1,"featured_media":0,"parent":0,"menu_order":0,"comment_status":"closed","ping_status":"closed","template":"","meta":{"footnotes":""},"class_list":["post-3","page","type-page","status-publish"],"yoast_head":"<!-- This site is optimized with the Yoast SEO plugin v21.5 - https:\/\/yoast.com\/wordpress\/plugins\/seo\/ -->\n<title>Privacy Policy &#8211; Alu-Expertise<\/title>\n<meta name=\"robots\" content=\"noindex, follow\" \/>\n<meta property=\"og:locale\" content=\"de_DE\" \/>\n<meta property=\"og:type\" content=\"article\" \/>\n<meta property=\"og:title\" content=\"Privacy Policy &#8211; Alu-Expertise\" \/>\n<meta property=\"og:description\" content=\"Privacy Policy 1. An overview of data protection General information The following information will provide you with an easy to navigate overview of what will happen with your personal data...\" \/>\n<meta property=\"og:url\" content=\"https:\/\/alu-expertise.com\/de\/privacy-policy\/\" \/>\n<meta property=\"og:site_name\" content=\"Alu-Expertise\" \/>\n<meta property=\"article:modified_time\" content=\"2021-10-23T10:11:30+00:00\" \/>\n<meta name=\"twitter:card\" content=\"summary_large_image\" \/>\n<meta name=\"twitter:label1\" content=\"Gesch\u00e4tzte Lesezeit\" \/>\n\t<meta name=\"twitter:data1\" content=\"10\u00a0Minuten\" \/>\n<script type=\"application\/ld+json\" class=\"yoast-schema-graph\">{\"@context\":\"https:\/\/schema.org\",\"@graph\":[{\"@type\":\"WebPage\",\"@id\":\"https:\/\/alu-expertise.com\/privacy-policy\/\",\"url\":\"https:\/\/alu-expertise.com\/privacy-policy\/\",\"name\":\"Privacy Policy &#8211; Alu-Expertise\",\"isPartOf\":{\"@id\":\"https:\/\/alu-expertise.com\/en\/#website\"},\"datePublished\":\"2021-09-11T15:35:37+00:00\",\"dateModified\":\"2021-10-23T10:11:30+00:00\",\"breadcrumb\":{\"@id\":\"https:\/\/alu-expertise.com\/privacy-policy\/#breadcrumb\"},\"inLanguage\":\"de\",\"potentialAction\":[{\"@type\":\"ReadAction\",\"target\":[\"https:\/\/alu-expertise.com\/privacy-policy\/\"]}]},{\"@type\":\"BreadcrumbList\",\"@id\":\"https:\/\/alu-expertise.com\/privacy-policy\/#breadcrumb\",\"itemListElement\":[{\"@type\":\"ListItem\",\"position\":1,\"name\":\"Home\",\"item\":\"https:\/\/alu-expertise.com\/en\/\"},{\"@type\":\"ListItem\",\"position\":2,\"name\":\"Privacy Policy\"}]},{\"@type\":\"WebSite\",\"@id\":\"https:\/\/alu-expertise.com\/en\/#website\",\"url\":\"https:\/\/alu-expertise.com\/en\/\",\"name\":\"Alu-Expertise\",\"description\":\"\",\"publisher\":{\"@id\":\"https:\/\/alu-expertise.com\/en\/#organization\"},\"potentialAction\":[{\"@type\":\"SearchAction\",\"target\":{\"@type\":\"EntryPoint\",\"urlTemplate\":\"https:\/\/alu-expertise.com\/en\/?s={search_term_string}\"},\"query-input\":\"required name=search_term_string\"}],\"inLanguage\":\"de\"},{\"@type\":\"Organization\",\"@id\":\"https:\/\/alu-expertise.com\/en\/#organization\",\"name\":\"Alu-Expertise\",\"url\":\"https:\/\/alu-expertise.com\/en\/\",\"logo\":{\"@type\":\"ImageObject\",\"inLanguage\":\"de\",\"@id\":\"https:\/\/alu-expertise.com\/en\/#\/schema\/logo\/image\/\",\"url\":\"https:\/\/alu-expertise.com\/wp-content\/uploads\/2021\/10\/Faviconohne-Zahl.png\",\"contentUrl\":\"https:\/\/alu-expertise.com\/wp-content\/uploads\/2021\/10\/Faviconohne-Zahl.png\",\"width\":514,\"height\":512,\"caption\":\"Alu-Expertise\"},\"image\":{\"@id\":\"https:\/\/alu-expertise.com\/en\/#\/schema\/logo\/image\/\"}}]}<\/script>\n<!-- \/ Yoast SEO plugin. -->","yoast_head_json":{"title":"Privacy Policy &#8211; Alu-Expertise","robots":{"index":"noindex","follow":"follow"},"og_locale":"de_DE","og_type":"article","og_title":"Privacy Policy &#8211; Alu-Expertise","og_description":"Privacy Policy 1. An overview of data protection General information The following information will provide you with an easy to navigate overview of what will happen with your personal data...","og_url":"https:\/\/alu-expertise.com\/de\/privacy-policy\/","og_site_name":"Alu-Expertise","article_modified_time":"2021-10-23T10:11:30+00:00","twitter_card":"summary_large_image","twitter_misc":{"Gesch\u00e4tzte Lesezeit":"10\u00a0Minuten"},"schema":{"@context":"https:\/\/schema.org","@graph":[{"@type":"WebPage","@id":"https:\/\/alu-expertise.com\/privacy-policy\/","url":"https:\/\/alu-expertise.com\/privacy-policy\/","name":"Privacy Policy &#8211; Alu-Expertise","isPartOf":{"@id":"https:\/\/alu-expertise.com\/en\/#website"},"datePublished":"2021-09-11T15:35:37+00:00","dateModified":"2021-10-23T10:11:30+00:00","breadcrumb":{"@id":"https:\/\/alu-expertise.com\/privacy-policy\/#breadcrumb"},"inLanguage":"de","potentialAction":[{"@type":"ReadAction","target":["https:\/\/alu-expertise.com\/privacy-policy\/"]}]},{"@type":"BreadcrumbList","@id":"https:\/\/alu-expertise.com\/privacy-policy\/#breadcrumb","itemListElement":[{"@type":"ListItem","position":1,"name":"Home","item":"https:\/\/alu-expertise.com\/en\/"},{"@type":"ListItem","position":2,"name":"Privacy Policy"}]},{"@type":"WebSite","@id":"https:\/\/alu-expertise.com\/en\/#website","url":"https:\/\/alu-expertise.com\/en\/","name":"Alu-Expertise","description":"","publisher":{"@id":"https:\/\/alu-expertise.com\/en\/#organization"},"potentialAction":[{"@type":"SearchAction","target":{"@type":"EntryPoint","urlTemplate":"https:\/\/alu-expertise.com\/en\/?s={search_term_string}"},"query-input":"required name=search_term_string"}],"inLanguage":"de"},{"@type":"Organization","@id":"https:\/\/alu-expertise.com\/en\/#organization","name":"Alu-Expertise","url":"https:\/\/alu-expertise.com\/en\/","logo":{"@type":"ImageObject","inLanguage":"de","@id":"https:\/\/alu-expertise.com\/en\/#\/schema\/logo\/image\/","url":"https:\/\/alu-expertise.com\/wp-content\/uploads\/2021\/10\/Faviconohne-Zahl.png","contentUrl":"https:\/\/alu-expertise.com\/wp-content\/uploads\/2021\/10\/Faviconohne-Zahl.png","width":514,"height":512,"caption":"Alu-Expertise"},"image":{"@id":"https:\/\/alu-expertise.com\/en\/#\/schema\/logo\/image\/"}}]}},"_links":{"self":[{"href":"https:\/\/alu-expertise.com\/de\/wp-json\/wp\/v2\/pages\/3","targetHints":{"allow":["GET"]}}],"collection":[{"href":"https:\/\/alu-expertise.com\/de\/wp-json\/wp\/v2\/pages"}],"about":[{"href":"https:\/\/alu-expertise.com\/de\/wp-json\/wp\/v2\/types\/page"}],"author":[{"embeddable":true,"href":"https:\/\/alu-expertise.com\/de\/wp-json\/wp\/v2\/users\/1"}],"replies":[{"embeddable":true,"href":"https:\/\/alu-expertise.com\/de\/wp-json\/wp\/v2\/comments?post=3"}],"version-history":[{"count":6,"href":"https:\/\/alu-expertise.com\/de\/wp-json\/wp\/v2\/pages\/3\/revisions"}],"predecessor-version":[{"id":6305,"href":"https:\/\/alu-expertise.com\/de\/wp-json\/wp\/v2\/pages\/3\/revisions\/6305"}],"wp:attachment":[{"href":"https:\/\/alu-expertise.com\/de\/wp-json\/wp\/v2\/media?parent=3"}],"curies":[{"name":"wp","href":"https:\/\/api.w.org\/{rel}","templated":true}]}}