{"id":7,"date":"2021-09-17T14:27:51","date_gmt":"2021-09-17T12:27:51","guid":{"rendered":"http:\/\/themenectar.com\/demo\/salient-freelance-portfolio\/?page_id=7"},"modified":"2021-10-24T22:28:09","modified_gmt":"2021-10-24T20:28:09","slug":"home","status":"publish","type":"page","link":"https:\/\/alu-expertise.com\/de\/","title":{"rendered":"Home"},"content":{"rendered":"<div id=\"fws_69f2a6450e62c\"  data-column-margin=\"none\" data-midnight=\"custom\" data-top-percent=\"15%\" data-bottom-percent=\"15%\"  class=\"wpb_row vc_row-fluid vc_row full-width-section parallax_section  top_padding_tablet_30pct top_padding_phone_40pct bottom_padding_tablet_30pct bottom_padding_phone_40pct\"  style=\"padding-top: calc(100vw * 0.15); padding-bottom: calc(100vw * 0.15); \"><div class=\"row-bg-wrap\" data-bg-animation=\"zoom-out\" data-bg-overlay=\"true\"><div class=\"inner-wrap using-image\"><div class=\"row-bg using-image\" data-parallax-speed=\"fast\" style=\"background-image: url(https:\/\/alu-expertise.com\/wp-content\/uploads\/2021\/09\/IMG_0697-scaled.jpg); background-position: center center; background-repeat: no-repeat; \"><\/div><\/div><div class=\"row-bg-overlay\" style=\"background-color:#000000;  opacity: 0.3; \"><\/div><\/div><div class=\"row_col_wrap_12 col span_12 custom left\">\n\t<div  class=\"vc_col-sm-12 wpb_column column_container vc_column_container col force-phone-text-align-center no-extra-padding el_spacing_0px inherit_tablet inherit_phone\"  data-padding-pos=\"all\" data-has-bg-color=\"false\" data-bg-color=\"\" data-bg-opacity=\"1\" data-animation=\"\" data-delay=\"0\" >\n\t\t<div class=\"vc_column-inner\" >\n\t\t\t<div class=\"wpb_wrapper\">\n\t\t\t\t<div id=\"fws_69f2a6450ebae\" data-midnight=\"\" data-column-margin=\"default\" class=\"wpb_row vc_row-fluid vc_row inner_row\"  style=\" z-index: 20;\"><div class=\"row-bg-wrap\"> <div class=\"row-bg\" ><\/div> <\/div><div class=\"row_col_wrap_12_inner col span_12  left\">\n\t<div style=\" color: #ffffff;\" class=\"vc_col-sm-12 wpb_column column_container vc_column_container col child_column no-extra-padding el_spacing_0px inherit_tablet inherit_phone\" data-cfc=\"true\"  data-padding-pos=\"all\" data-has-bg-color=\"false\" data-bg-color=\"\" data-bg-opacity=\"1\" data-animation=\"\" data-delay=\"0\">\n\t\t<div class=\"vc_column-inner\" >\n\t\t<div class=\"wpb_wrapper\">\n\t\t\t<div class=\"divider-wrap height_tablet_100px height_phone_260px\" data-alignment=\"default\"><div style=\"height: 150px;\" class=\"divider\"><\/div><\/div><div class=\"nectar-split-heading\" data-align=\"default\" data-m-align=\"inherit\" data-animation-type=\"line-reveal-by-space\" data-animation-delay=\"200\" data-m-rm-animation=\"\" data-stagger=\"true\" data-custom-font-size=\"true\" style=\"font-size: 6vh; line-height: 6.6vh;\"><h1 >Dipl. Ing. Thorsten Bahnsen<\/h1><\/div>\r\n<div class=\"nectar-rotating-words-title  font_size_3vh element_stagger_words\"  data-rotation=\"2500\" data-delay=\"550\" data-mobile=\"inline\">\r\n  <h2 class=\"heading\">  <span class=\"dynamic-words\" data-inherit-heading-family=\"default\">\r\n    <span class=\"text-wrap active\"><span><span>Vertrauen<\/span><\/span><\/span><span class=\"text-wrap\"><span><span> Erfahrung<\/span><\/span><\/span><span class=\"text-wrap\"><span><span> Verl\u00e4sslichkeit<\/span><\/span><\/span>  <\/span>\r\n  <\/h2>\r\n<\/div>\n\t\t<\/div> \n\t<\/div>\n\t<\/div> \n<\/div><\/div>\n\t\t\t<\/div> \n\t\t<\/div>\n\t<\/div> \n<\/div><\/div>\r\n\t\t<div id=\"fws_69f2a6450f3a2\"  data-column-margin=\"default\" data-midnight=\"dark\" data-top-percent=\"6%\" data-bottom-percent=\"12%\"  class=\"wpb_row vc_row-fluid vc_row full-width-section  About bottom_padding_tablet_30pct\"  style=\"padding-top: calc(100vw * 0.06); padding-bottom: calc(100vw * 0.12); \"><div class=\"row-bg-wrap\" data-bg-animation=\"none\" data-bg-overlay=\"false\"><div class=\"inner-wrap\"><div class=\"row-bg\"  style=\"\"><\/div><\/div><\/div><div class=\"row_col_wrap_12 col span_12 dark left\">\n\t<div  class=\"vc_col-sm-12 wpb_column column_container vc_column_container col no-extra-padding inherit_tablet inherit_phone\"  data-padding-pos=\"all\" data-has-bg-color=\"false\" data-bg-color=\"\" data-bg-opacity=\"1\" data-animation=\"\" data-delay=\"0\" >\n\t\t<div class=\"vc_column-inner\" >\n\t\t\t<div class=\"wpb_wrapper\">\n\t\t\t\t<div id=\"fws_69f2a6450f764\" data-midnight=\"\" data-column-margin=\"90px\" class=\"wpb_row vc_row-fluid vc_row inner_row  vc_row-o-equal-height vc_row-flex vc_row-o-content-middle  reverse_columns_column_tablet reverse_columns_column_phone\"  style=\"\"><div class=\"row-bg-wrap\"> <div class=\"row-bg\" ><\/div> <\/div><div class=\"row_col_wrap_12_inner col span_12  left\">\n\t<div style=\"margin-top: 6%; \" class=\"vc_col-sm-6 wpb_column column_container vc_column_container col child_column padding-4-percent top_margin_tablet_0px top_margin_phone_4pct inherit_tablet no-extra-padding_phone\"   data-padding-pos=\"all\" data-has-bg-color=\"false\" data-bg-color=\"\" data-bg-opacity=\"1\" data-animation=\"\" data-delay=\"0\">\n\t\t<div class=\"vc_column-inner\" >\n\t\t<div class=\"wpb_wrapper\">\n\t\t\t<div class=\"nectar-split-heading\" data-align=\"default\" data-m-align=\"inherit\" data-animation-type=\"line-reveal-by-space\" data-animation-delay=\"0\" data-m-rm-animation=\"\" data-stagger=\"true\" data-custom-font-size=\"false\" ><h2 style=\"max-width: 550px;\">Ihr Partner im Aluminiumgesch\u00e4ft<\/h2><\/div>\r\n<div class=\"wpb_text_column wpb_content_element\" >\r\n\t<div class=\"wpb_wrapper\">\r\n\t\t<div dir=\"auto\">Nach dem Erwerb meines Diploms in Maschinenbau, habe ich \u00fcber 40 Jahre im Aluminiumgesch\u00e4ft gearbeitet. Dazu geh\u00f6rten die Bereiche:<\/div>\n<ul>\n<li>Wirtschaftsingenieurwesen<\/li>\n<li>EDV-Koordination (Entwicklung und Implementation von Produktions-, Planungs-, Kosten und Kalkulationssystemen, sowie\nWartungs- und Datenerfassungssysteme)<\/li>\n<li>Datenschutzbeauftragter<\/li>\n<li>Leiter des Allgemeinen- und Metalleinkaufs (Fl\u00fcssig Metalle, Walzbarren, Masseln, Sows, Schrott, Kalt Metalle, Vorlegierungen)<\/li>\n<li>Metallsicherung<\/li>\n<li>Verkauf von Walzbarren<\/li>\n<li>Entwicklung und Aufbau eines Recyclingstandortes<\/li>\n<li>Mitglied des Managements<\/li>\n<\/ul>\n\t<\/div>\r\n<\/div>\r\n\r\n\r\n\r\n\n\t\t<\/div> \n\t<\/div>\n\t<\/div> \n\n\t<div  class=\"vc_col-sm-6 wpb_column column_container vc_column_container col child_column padding-4-percent no-extra-padding_tablet no-extra-padding_phone\"   data-padding-pos=\"all\" data-has-bg-color=\"false\" data-bg-color=\"\" data-bg-opacity=\"1\" data-animation=\"\" data-delay=\"0\">\n\t\t<div class=\"vc_column-inner\" >\n\t\t<div class=\"wpb_wrapper\">\n\t\t\t<div class=\"nectar_cascading_images forced-aspect aspect-1-1 overflow-hidden\" data-border-radius=\"none\" data-parallax=\"\" data-parallax-intensity=\"subtle\" data-animation-timing=\"175\"><div class=\"cascading-image\" data-has-img=\"true\" style=\" padding:0%;\" data-max-width=\"100%\" data-max-width-mobile=\"100%\" data-animation=\"fade-in\" data-shadow=\"none\"><div class=\"inner-wrap\"><div class=\"bg-layer\" data-scale=\"1\" style=\"transform: scale(1)\"><div style=\" -webkit-transform:translateX(0%) translateY(10%) ; transform:translateX(0%) translateY(10%) ;\" class=\"img-wrap\"> <img loading=\"lazy\" decoding=\"async\" src=\"https:\/\/alu-expertise.com\/wp-content\/uploads\/2021\/09\/M-6085C.jpg\" srcset=\"https:\/\/alu-expertise.com\/wp-content\/uploads\/2021\/09\/M-6085C.jpg 756w, https:\/\/alu-expertise.com\/wp-content\/uploads\/2021\/09\/M-6085C-300x224.jpg 300w\" sizes=\"auto, (min-width: 1000px) 55vw, 100vw\" height=\"564\" width=\"756\" class=\"skip-lazy\" alt=\"\" \/> <\/div><\/div><\/div><\/div><\/div>\r\n<div class=\"wpb_text_column wpb_content_element\" >\r\n\t<div class=\"wpb_wrapper\">\r\n\t\t<p>Ein gro\u00dfes weltweites Netzwerk,  langj\u00e4hrige Erfahrung in der Optimierung von Schrottpl\u00e4tzen, Schrottqualit\u00e4t, sowie Fragen zu Metallurgie und mehr als 30 Jahre  an Erfahrung beim Kauf und Verkauf von Rohstoffen auf der ganzen Welt stellen zusammen meine Expertise<\/p>\n\t<\/div>\r\n<\/div>\r\n\r\n\r\n\r\n\n\t\t<\/div> \n\t<\/div>\n\t<\/div> \n<\/div><\/div><div id=\"fws_69f2a645103e1\" data-midnight=\"\" data-column-margin=\"90px\" class=\"wpb_row vc_row-fluid vc_row inner_row  vc_row-o-equal-height vc_row-flex\"  style=\"\"><div class=\"row-bg-wrap\"> <div class=\"row-bg\" ><\/div> <\/div><div class=\"row_col_wrap_12_inner col span_12  left\">\n\t<div  class=\"vc_col-sm-4 wpb_column column_container vc_column_container col child_column centered-text has-animation no-extra-padding el_spacing_0px inherit_tablet inherit_phone\"   data-padding-pos=\"all\" data-has-bg-color=\"false\" data-bg-color=\"\" data-bg-opacity=\"1\" data-animation=\"fade-in-from-bottom\" data-delay=\"0\">\n\t\t<div class=\"vc_column-inner\" >\n\t\t<div class=\"wpb_wrapper\">\n\t\t\t\r\n<div class=\"wpb_text_column wpb_content_element\" style=\" max-width: 350px; display: inline-block;\">\r\n\t<div class=\"wpb_wrapper\">\r\n\t\t\t<\/div>\r\n<\/div>\r\n\r\n\r\n\r\n\n\t\t<\/div> \n\t<\/div>\n\t<\/div> \n\n\t<div  class=\"vc_col-sm-4 wpb_column column_container vc_column_container col child_column no-extra-padding inherit_tablet inherit_phone\"   data-padding-pos=\"all\" data-has-bg-color=\"false\" data-bg-color=\"\" data-bg-opacity=\"1\" data-animation=\"\" data-delay=\"0\">\n\t\t<div class=\"vc_column-inner\" >\n\t\t<div class=\"wpb_wrapper\">\n\t\t\t\n\t\t<\/div> \n\t<\/div>\n\t<\/div> \n\n\t<div  class=\"vc_col-sm-4 wpb_column column_container vc_column_container col child_column centered-text has-animation no-extra-padding el_spacing_0px top_margin_tablet_50px top_margin_phone_30px bottom_margin_tablet_50px bottom_margin_phone_30px inherit_tablet inherit_phone\"   data-padding-pos=\"all\" data-has-bg-color=\"false\" data-bg-color=\"\" data-bg-opacity=\"1\" data-animation=\"fade-in-from-bottom\" data-delay=\"100\">\n\t\t<div class=\"vc_column-inner\" >\n\t\t<div class=\"wpb_wrapper\">\n\t\t\t\r\n<div class=\"wpb_text_column wpb_content_element\" style=\" max-width: 350px; display: inline-block;\">\r\n\t<div class=\"wpb_wrapper\">\r\n\t\t\t<\/div>\r\n<\/div>\r\n\r\n\r\n\r\n\n\t\t<\/div> \n\t<\/div>\n\t<\/div> \n<\/div><\/div>\n\t\t\t<\/div> \n\t\t<\/div>\n\t<\/div> \n<\/div><\/div>\r\n\t\t<div id=\"steps\"  data-column-margin=\"default\" data-midnight=\"light\" data-top-percent=\"8%\" data-bottom-percent=\"3%\"  class=\"wpb_row vc_row-fluid vc_row full-width-section  vc_row-o-equal-height vc_row-flex  vc_row-o-content-middle parallax_section Offerings\"  style=\"padding-top: calc(100vw * 0.08); padding-bottom: calc(100vw * 0.03); \"><div class=\"row-bg-wrap\" data-bg-animation=\"none\" data-bg-overlay=\"true\"><div class=\"inner-wrap using-image\"><div class=\"row-bg using-image\" data-parallax-speed=\"fast\" style=\"background-image: url(https:\/\/alu-expertise.com\/wp-content\/uploads\/2021\/09\/Rotterdam-20140108-00388.jpg); background-position: center center; background-repeat: no-repeat; \"><\/div><\/div><div class=\"row-bg-overlay\" style=\"background-color:#0a0a0a;  opacity: 0.8; \"><\/div><\/div><div class=\"row_col_wrap_12 col span_12 light left\">\n\t<div  class=\"vc_col-sm-12 vc_col-xs-12 wpb_column column_container vc_column_container col padding-2-percent inherit_tablet inherit_phone\"  data-padding-pos=\"top-bottom\" data-has-bg-color=\"false\" data-bg-color=\"\" data-bg-opacity=\"1\" data-animation=\"\" data-delay=\"0\" >\n\t\t<div class=\"vc_column-inner\" >\n\t\t\t<div class=\"wpb_wrapper\">\n\t\t\t\t<div id=\"fws_69f2a645112d5\" data-midnight=\"\" data-column-margin=\"default\" class=\"wpb_row vc_row-fluid vc_row inner_row  vc_row-o-equal-height vc_row-flex vc_row-o-content-middle\"  style=\"padding-bottom: 6%; \"><div class=\"row-bg-wrap\"> <div class=\"row-bg\" ><\/div> <\/div><div class=\"row_col_wrap_12_inner col span_12  left\">\n\t<div  class=\"vc_col-sm-6 wpb_column column_container vc_column_container col child_column no-extra-padding inherit_tablet inherit_phone\"   data-padding-pos=\"all\" data-has-bg-color=\"false\" data-bg-color=\"\" data-bg-opacity=\"1\" data-animation=\"\" data-delay=\"0\">\n\t\t<div class=\"vc_column-inner\" >\n\t\t<div class=\"wpb_wrapper\">\n\t\t\t<h5 style=\"color: rgba(255,255,255,0.78);text-align: left\" class=\"vc_custom_heading vc_custom_1631616052736\" >Alu-Expertise<\/h5><div class=\"nectar-highlighted-text\" data-style=\"half_text\" data-exp=\"default\" data-using-custom-color=\"false\" data-animation-delay=\"false\" data-color=\"\" data-color-gradient=\"\" style=\"\">\n<h2>Beratungsangebote<\/h2>\n<\/div>\n\t\t<\/div> \n\t<\/div>\n\t<\/div> \n\n\t<div  class=\"vc_col-sm-6 wpb_column column_container vc_column_container col child_column no-extra-padding inherit_tablet inherit_phone\"   data-padding-pos=\"all\" data-has-bg-color=\"false\" data-bg-color=\"\" data-bg-opacity=\"1\" data-animation=\"\" data-delay=\"0\">\n\t\t<div class=\"vc_column-inner\" >\n\t\t<div class=\"wpb_wrapper\">\n\t\t\t\n\t\t<\/div> \n\t<\/div>\n\t<\/div> \n<\/div><\/div><div class=\"nectar-icon-list\" data-icon-color=\"default\" data-icon-style=\"no-border\" data-columns=\"default\" data-direction=\"horizontal\" data-icon-size=\"medium\" data-animate=\"true\"><div class=\"nectar-icon-list-item\"><div class=\"list-icon-holder\" data-icon_type=\"icon\"><i class=\"icon-default-style iconsmind-Dollar-Sign\" data-color=\"default\"><\/i><\/div><div class=\"content\"><h4>Ein- und Verkauf<\/h4>Aluminium Schrott, Masseln, Walzbarren, sowie Vorlegierungen (Mg, Mn, Si, Fe, Cu...)<\/div><\/div><div class=\"nectar-icon-list-item\"><div class=\"list-icon-holder\" data-icon_type=\"icon\"><i class=\"icon-default-style iconsmind-Statistic\" data-color=\"default\"><\/i><\/div><div class=\"content\"><h4>Qulit\u00e4tsverbesserung<\/h4>Verbesserung der Schrottqualit\u00e4t und der Prozesse auf dem Schrottplatz<\/div><\/div><div class=\"nectar-icon-list-item\"><div class=\"list-icon-holder\" data-icon_type=\"icon\"><i class=\"icon-default-style iconsmind-ID-3\" data-color=\"default\"><\/i><\/div><div class=\"content\"><h4>Lieferanten und Investitionen<\/h4>Weiterentwicklung und tieferegehende Auswahl von Lieferanten und Investitionen<\/div><\/div><div class=\"nectar-icon-list-item\"><div class=\"list-icon-holder\" data-icon_type=\"icon\"><i class=\"icon-default-style iconsmind-Professor\" data-color=\"default\"><\/i><\/div><div class=\"content\"><h4>Schulungen<\/h4>Entwicklung von Schulungen und Lehrmaterial<\/div><\/div><div class=\"nectar-icon-list-item\"><div class=\"list-icon-holder\" data-icon_type=\"icon\"><i class=\"icon-default-style iconsmind-Cube-Molecule\" data-color=\"default\"><\/i><\/div><div class=\"content\"><h4>Metallurgie<\/h4>Unterst\u00fctzung bei metallurgischen Prozessen<\/div><\/div><div class=\"nectar-icon-list-item\"><div class=\"list-icon-holder\" data-icon_type=\"icon\"><i class=\"icon-default-style iconsmind-Book\" data-color=\"default\"><\/i><\/div><div class=\"content\"><h4>Wirtschaftsingenieurs Aktivit\u00e4ten<\/h4>Allgemeinen Aktivit\u00e4ten eines Wirtschaftsingenieurs<\/div><\/div><\/div>\n\t\t\t<\/div> \n\t\t<\/div>\n\t<\/div> \n<\/div><\/div>\r\n\t\t<div id=\"fws_69f2a64516152\"  data-column-margin=\"90px\" data-midnight=\"dark\" data-top-percent=\"10%\" data-bottom-percent=\"10%\"  class=\"wpb_row vc_row-fluid vc_row full-width-section  vc_row-o-equal-height vc_row-flex  vc_row-o-content-middle  Contact\"  style=\"padding-top: calc(100vw * 0.10); padding-bottom: calc(100vw * 0.10); \"><div class=\"row-bg-wrap\" data-bg-animation=\"none\" data-bg-overlay=\"false\"><div class=\"inner-wrap\"><div class=\"row-bg\"  style=\"\"><\/div><\/div><\/div><div class=\"row_col_wrap_12 col span_12 dark left\">\n\t<div  class=\"vc_col-sm-8 wpb_column column_container vc_column_container col no-extra-padding inherit_tablet inherit_phone\"  data-padding-pos=\"all\" data-has-bg-color=\"false\" data-bg-color=\"\" data-bg-opacity=\"1\" data-animation=\"\" data-delay=\"0\" >\n\t\t<div class=\"vc_column-inner\" >\n\t\t\t<div class=\"wpb_wrapper\">\n\t\t\t\t<div class=\"nectar-split-heading\" data-align=\"default\" data-m-align=\"inherit\" data-animation-type=\"line-reveal-by-space\" data-animation-delay=\"0\" data-m-rm-animation=\"\" data-stagger=\"true\" data-custom-font-size=\"false\" ><h2 style=\"max-width: 550px;\">Scannen um Kontakt zu speichern<\/h2><\/div><div class=\"divider-wrap\" data-alignment=\"default\"><div style=\"height: 25px;\" class=\"divider\"><\/div><\/div><div class=\"img-with-aniamtion-wrap\" data-max-width=\"100%\" data-max-width-mobile=\"default\" data-shadow=\"none\" data-animation=\"fade-in\" >\r\n      <div class=\"inner\">\r\n        <div class=\"hover-wrap\"> \r\n          <div class=\"hover-wrap-inner\">\r\n            <img loading=\"lazy\" decoding=\"async\" class=\"img-with-animation skip-lazy\" data-delay=\"0\" height=\"531\" width=\"531\" data-animation=\"fade-in\" src=\"https:\/\/alu-expertise.com\/wp-content\/uploads\/2021\/09\/QR_Code-gross.png\" alt=\"\" srcset=\"https:\/\/alu-expertise.com\/wp-content\/uploads\/2021\/09\/QR_Code-gross.png 531w, https:\/\/alu-expertise.com\/wp-content\/uploads\/2021\/09\/QR_Code-gross-300x300.png 300w, https:\/\/alu-expertise.com\/wp-content\/uploads\/2021\/09\/QR_Code-gross-150x150.png 150w, https:\/\/alu-expertise.com\/wp-content\/uploads\/2021\/09\/QR_Code-gross-100x100.png 100w, https:\/\/alu-expertise.com\/wp-content\/uploads\/2021\/09\/QR_Code-gross-140x140.png 140w, https:\/\/alu-expertise.com\/wp-content\/uploads\/2021\/09\/QR_Code-gross-500x500.png 500w, https:\/\/alu-expertise.com\/wp-content\/uploads\/2021\/09\/QR_Code-gross-350x350.png 350w\" sizes=\"auto, (min-width: 1450px) 75vw, (min-width: 1000px) 85vw, 100vw\" \/>\r\n          <\/div>\r\n        <\/div>\r\n      <\/div>\r\n    <\/div>\n\t\t\t<\/div> \n\t\t<\/div>\n\t<\/div> \n\n\t<div  class=\"vc_col-sm-4 wpb_column column_container vc_column_container col no-extra-padding inherit_tablet inherit_phone\"  data-padding-pos=\"all\" data-has-bg-color=\"false\" data-bg-color=\"\" data-bg-opacity=\"1\" data-animation=\"\" data-delay=\"0\" >\n\t\t<div class=\"vc_column-inner\" >\n\t\t\t<div class=\"wpb_wrapper\">\n\t\t\t\t<div id=\"fws_69f2a64516b70\" data-midnight=\"\" data-column-margin=\"default\" class=\"wpb_row vc_row-fluid vc_row inner_row\"  style=\"\"><div class=\"row-bg-wrap\"> <div class=\"row-bg\" ><\/div> <\/div><div class=\"row_col_wrap_12_inner col span_12  left\">\n\t<div  class=\"vc_col-sm-12 wpb_column column_container vc_column_container col child_column has-animation no-extra-padding inherit_tablet inherit_phone\"   data-padding-pos=\"all\" data-has-bg-color=\"false\" data-bg-color=\"\" data-bg-opacity=\"1\" data-animation=\"fade-in-from-bottom\" data-delay=\"0\">\n\t\t<div class=\"vc_column-inner\" >\n\t\t<div class=\"wpb_wrapper\">\n\t\t\t<div class=\"nectar-cta  alignment_tablet_default alignment_phone_default\" data-color=\"extra-color-3\" data-using-bg=\"true\" data-style=\"arrow-animation\" data-display=\"block\" data-alignment=\"left\" data-text-color=\"custom\" style=\"margin-top: 40px; margin-bottom: 20px; \"><h4 style=\"color: #ffffff;\"><span class=\"link_wrap\" style=\"padding-top: 20px; padding-right: 40px; padding-bottom: 20px; padding-left: 40px;\"><a  class=\"link_text\" href=\"https:\/\/alu-expertise.com\/de\/site-notice\/\"><span class=\"text\">Oder hier klicken!<\/span><svg class=\"next-arrow\" aria-hidden=\"true\" width=\"20px\" height=\"25px\" viewbox=\"0 0 50 80\" xml:space=\"preserve\">\r\n  <polyline stroke=\"#ffffff\" stroke-width=\"9\" fill=\"none\" stroke-linecap=\"round\" stroke-linejoin=\"round\" points=\"0, 0 45, 40 0, 80\"\/>\r\n  <\/svg>  <span class=\"line\"  style=\"background-color: #ffffff;\"><\/span> <\/a><\/span><\/h4><\/div>\n\t\t<\/div> \n\t<\/div>\n\t<\/div> \n<\/div><\/div>\n\t\t\t<\/div> \n\t\t<\/div>\n\t<\/div> \n<\/div><\/div>","protected":false},"excerpt":{"rendered":"Dipl. Ing. Thorsten Bahnsen Trust Experience Reliability Your partner in aluminum consulting After graduating with a degree in mechanical engineering I've worked for 40 years in the aluminum business in...","protected":false},"author":1,"featured_media":0,"parent":0,"menu_order":0,"comment_status":"closed","ping_status":"closed","template":"","meta":{"footnotes":""},"class_list":["post-7","page","type-page","status-publish"],"yoast_head":"<!-- This site is optimized with the Yoast SEO plugin v21.5 - https:\/\/yoast.com\/wordpress\/plugins\/seo\/ -->\n<title>Home &#8211; Alu-Expertise<\/title>\n<meta name=\"description\" content=\"Your Partner in Aluminum Consulting\" \/>\n<meta name=\"robots\" content=\"index, follow, max-snippet:-1, max-image-preview:large, max-video-preview:-1\" \/>\n<link rel=\"canonical\" href=\"https:\/\/alu-expertise.com\/de\/\" \/>\n<meta property=\"og:locale\" content=\"de_DE\" \/>\n<meta property=\"og:type\" content=\"article\" \/>\n<meta property=\"og:title\" content=\"Home &#8211; Alu-Expertise\" \/>\n<meta property=\"og:description\" content=\"Your Partner in Aluminum Consulting\" \/>\n<meta property=\"og:url\" content=\"https:\/\/alu-expertise.com\/de\/\" \/>\n<meta property=\"og:site_name\" content=\"Alu-Expertise\" \/>\n<meta property=\"article:modified_time\" content=\"2021-10-24T20:28:09+00:00\" \/>\n<meta name=\"twitter:card\" content=\"summary_large_image\" \/>\n<meta name=\"twitter:label1\" content=\"Gesch\u00e4tzte Lesezeit\" \/>\n\t<meta name=\"twitter:data1\" content=\"4\u00a0Minuten\" \/>\n<script type=\"application\/ld+json\" class=\"yoast-schema-graph\">{\"@context\":\"https:\/\/schema.org\",\"@graph\":[{\"@type\":\"WebPage\",\"@id\":\"https:\/\/alu-expertise.com\/en\/\",\"url\":\"https:\/\/alu-expertise.com\/en\/\",\"name\":\"Home &#8211; Alu-Expertise\",\"isPartOf\":{\"@id\":\"https:\/\/alu-expertise.com\/en\/#website\"},\"datePublished\":\"2021-09-17T12:27:51+00:00\",\"dateModified\":\"2021-10-24T20:28:09+00:00\",\"description\":\"Your Partner in Aluminum Consulting\",\"breadcrumb\":{\"@id\":\"https:\/\/alu-expertise.com\/en\/#breadcrumb\"},\"inLanguage\":\"de\",\"potentialAction\":[{\"@type\":\"ReadAction\",\"target\":[\"https:\/\/alu-expertise.com\/en\/\"]}]},{\"@type\":\"BreadcrumbList\",\"@id\":\"https:\/\/alu-expertise.com\/en\/#breadcrumb\",\"itemListElement\":[{\"@type\":\"ListItem\",\"position\":1,\"name\":\"Home\",\"item\":\"https:\/\/alu-expertise.com\/en\/\"},{\"@type\":\"ListItem\",\"position\":2,\"name\":\"Home\"}]},{\"@type\":\"WebSite\",\"@id\":\"https:\/\/alu-expertise.com\/en\/#website\",\"url\":\"https:\/\/alu-expertise.com\/en\/\",\"name\":\"Alu-Expertise\",\"description\":\"\",\"publisher\":{\"@id\":\"https:\/\/alu-expertise.com\/en\/#organization\"},\"potentialAction\":[{\"@type\":\"SearchAction\",\"target\":{\"@type\":\"EntryPoint\",\"urlTemplate\":\"https:\/\/alu-expertise.com\/en\/?s={search_term_string}\"},\"query-input\":\"required name=search_term_string\"}],\"inLanguage\":\"de\"},{\"@type\":\"Organization\",\"@id\":\"https:\/\/alu-expertise.com\/en\/#organization\",\"name\":\"Alu-Expertise\",\"url\":\"https:\/\/alu-expertise.com\/en\/\",\"logo\":{\"@type\":\"ImageObject\",\"inLanguage\":\"de\",\"@id\":\"https:\/\/alu-expertise.com\/en\/#\/schema\/logo\/image\/\",\"url\":\"https:\/\/alu-expertise.com\/wp-content\/uploads\/2021\/10\/Faviconohne-Zahl.png\",\"contentUrl\":\"https:\/\/alu-expertise.com\/wp-content\/uploads\/2021\/10\/Faviconohne-Zahl.png\",\"width\":514,\"height\":512,\"caption\":\"Alu-Expertise\"},\"image\":{\"@id\":\"https:\/\/alu-expertise.com\/en\/#\/schema\/logo\/image\/\"}}]}<\/script>\n<!-- \/ Yoast SEO plugin. -->","yoast_head_json":{"title":"Home &#8211; Alu-Expertise","description":"Your Partner in Aluminum Consulting","robots":{"index":"index","follow":"follow","max-snippet":"max-snippet:-1","max-image-preview":"max-image-preview:large","max-video-preview":"max-video-preview:-1"},"canonical":"https:\/\/alu-expertise.com\/de\/","og_locale":"de_DE","og_type":"article","og_title":"Home &#8211; Alu-Expertise","og_description":"Your Partner in Aluminum Consulting","og_url":"https:\/\/alu-expertise.com\/de\/","og_site_name":"Alu-Expertise","article_modified_time":"2021-10-24T20:28:09+00:00","twitter_card":"summary_large_image","twitter_misc":{"Gesch\u00e4tzte Lesezeit":"4\u00a0Minuten"},"schema":{"@context":"https:\/\/schema.org","@graph":[{"@type":"WebPage","@id":"https:\/\/alu-expertise.com\/en\/","url":"https:\/\/alu-expertise.com\/en\/","name":"Home &#8211; Alu-Expertise","isPartOf":{"@id":"https:\/\/alu-expertise.com\/en\/#website"},"datePublished":"2021-09-17T12:27:51+00:00","dateModified":"2021-10-24T20:28:09+00:00","description":"Your Partner in Aluminum Consulting","breadcrumb":{"@id":"https:\/\/alu-expertise.com\/en\/#breadcrumb"},"inLanguage":"de","potentialAction":[{"@type":"ReadAction","target":["https:\/\/alu-expertise.com\/en\/"]}]},{"@type":"BreadcrumbList","@id":"https:\/\/alu-expertise.com\/en\/#breadcrumb","itemListElement":[{"@type":"ListItem","position":1,"name":"Home","item":"https:\/\/alu-expertise.com\/en\/"},{"@type":"ListItem","position":2,"name":"Home"}]},{"@type":"WebSite","@id":"https:\/\/alu-expertise.com\/en\/#website","url":"https:\/\/alu-expertise.com\/en\/","name":"Alu-Expertise","description":"","publisher":{"@id":"https:\/\/alu-expertise.com\/en\/#organization"},"potentialAction":[{"@type":"SearchAction","target":{"@type":"EntryPoint","urlTemplate":"https:\/\/alu-expertise.com\/en\/?s={search_term_string}"},"query-input":"required name=search_term_string"}],"inLanguage":"de"},{"@type":"Organization","@id":"https:\/\/alu-expertise.com\/en\/#organization","name":"Alu-Expertise","url":"https:\/\/alu-expertise.com\/en\/","logo":{"@type":"ImageObject","inLanguage":"de","@id":"https:\/\/alu-expertise.com\/en\/#\/schema\/logo\/image\/","url":"https:\/\/alu-expertise.com\/wp-content\/uploads\/2021\/10\/Faviconohne-Zahl.png","contentUrl":"https:\/\/alu-expertise.com\/wp-content\/uploads\/2021\/10\/Faviconohne-Zahl.png","width":514,"height":512,"caption":"Alu-Expertise"},"image":{"@id":"https:\/\/alu-expertise.com\/en\/#\/schema\/logo\/image\/"}}]}},"_links":{"self":[{"href":"https:\/\/alu-expertise.com\/de\/wp-json\/wp\/v2\/pages\/7","targetHints":{"allow":["GET"]}}],"collection":[{"href":"https:\/\/alu-expertise.com\/de\/wp-json\/wp\/v2\/pages"}],"about":[{"href":"https:\/\/alu-expertise.com\/de\/wp-json\/wp\/v2\/types\/page"}],"author":[{"embeddable":true,"href":"https:\/\/alu-expertise.com\/de\/wp-json\/wp\/v2\/users\/1"}],"replies":[{"embeddable":true,"href":"https:\/\/alu-expertise.com\/de\/wp-json\/wp\/v2\/comments?post=7"}],"version-history":[{"count":10,"href":"https:\/\/alu-expertise.com\/de\/wp-json\/wp\/v2\/pages\/7\/revisions"}],"predecessor-version":[{"id":6317,"href":"https:\/\/alu-expertise.com\/de\/wp-json\/wp\/v2\/pages\/7\/revisions\/6317"}],"wp:attachment":[{"href":"https:\/\/alu-expertise.com\/de\/wp-json\/wp\/v2\/media?parent=7"}],"curies":[{"name":"wp","href":"https:\/\/api.w.org\/{rel}","templated":true}]}}